{"id":89,"date":"2026-04-07T13:00:29","date_gmt":"2026-04-07T16:00:29","guid":{"rendered":"https:\/\/lindemuth.com.br\/vlaj\/?page_id=89"},"modified":"2026-04-10T15:03:01","modified_gmt":"2026-04-10T18:03:01","slug":"livros","status":"publish","type":"page","link":"https:\/\/lindemuth.com.br\/vlaj\/livros\/","title":{"rendered":"Livros"},"content":{"rendered":"\n<p>Rela\u00e7\u00e3o de Livros digitais e f\u00edsicos de autoria de Vlaj Lindemuth.<\/p>\n\n\n\n<div class=\"wp-block-query is-layout-flow wp-block-query-is-layout-flow\"><ul style=\"border-style:none;border-width:0px; padding-top:0;padding-bottom:0;padding-left:0;padding-right:0;\" class=\"columns-4 wp-block-post-template has-medium-font-size is-layout-grid wp-container-core-post-template-is-layout-fbcf0776 wp-block-post-template-is-layout-grid\"><li class=\"wp-block-post post-116 post type-post status-publish format-standard has-post-thumbnail hentry category-do-deserto-a-gloria\">\n\n<div class=\"wp-block-group is-layout-constrained wp-container-core-group-is-layout-3b84e539 wp-block-group-is-layout-constrained\" style=\"margin-top:0;margin-bottom:0;padding-top:6px;padding-right:6px;padding-bottom:6px;padding-left:6px\"><figure class=\"wp-block-post-featured-image\"><a href=\"https:\/\/lindemuth.com.br\/vlaj\/do-deserto-a-gloria\/\" target=\"_self\"  ><img loading=\"lazy\" decoding=\"async\" width=\"1024\" height=\"1024\" src=\"https:\/\/lindemuth.com.br\/vlaj\/wp-content\/uploads\/2026\/04\/WhatsApp-Image-2026-04-13-at-16.56.44.jpeg\" class=\"attachment-post-thumbnail size-post-thumbnail wp-post-image\" alt=\"DO DESERTO \u00c0 GL\u00d3RIA\" style=\"object-fit:cover;\" srcset=\"https:\/\/lindemuth.com.br\/vlaj\/wp-content\/uploads\/2026\/04\/WhatsApp-Image-2026-04-13-at-16.56.44.jpeg 1024w, https:\/\/lindemuth.com.br\/vlaj\/wp-content\/uploads\/2026\/04\/WhatsApp-Image-2026-04-13-at-16.56.44-300x300.jpeg 300w, https:\/\/lindemuth.com.br\/vlaj\/wp-content\/uploads\/2026\/04\/WhatsApp-Image-2026-04-13-at-16.56.44-150x150.jpeg 150w, https:\/\/lindemuth.com.br\/vlaj\/wp-content\/uploads\/2026\/04\/WhatsApp-Image-2026-04-13-at-16.56.44-768x768.jpeg 768w\" sizes=\"auto, (max-width: 1024px) 100vw, 1024px\" \/><\/a><\/figure>\n\n<div style=\"border-top-left-radius:0px;border-top-right-radius:0px;border-bottom-left-radius:0px;border-bottom-right-radius:0px;padding-top:0px;padding-bottom:0px;margin-right:0px;margin-left:0px\" class=\"taxonomy-category wp-block-post-terms has-small-font-size\"><a href=\"https:\/\/lindemuth.com.br\/vlaj\/category\/livros\/do-deserto-a-gloria\/\" rel=\"tag\">DO DESERTO \u00c0 GL\u00d3RIA<\/a><\/div>\n\n<h5 class=\"wp-block-post-title\"><a href=\"https:\/\/lindemuth.com.br\/vlaj\/do-deserto-a-gloria\/\" target=\"_self\" >DO DESERTO \u00c0 GL\u00d3RIA<\/a><\/h5>\n\n<div class=\"wp-block-post-date has-small-font-size\"><time datetime=\"2026-04-08T21:34:54-03:00\">8 de abril de 2026<\/time><\/div><\/div>\n\n<\/li><\/ul>\n\n<\/div>\n","protected":false},"excerpt":{"rendered":"<p>Rela\u00e7\u00e3o de Livros digitais e f\u00edsicos de autoria de Vlaj Lindemuth.<\/p>\n","protected":false},"author":1,"featured_media":0,"parent":0,"menu_order":0,"comment_status":"closed","ping_status":"closed","template":"","meta":{"site-sidebar-layout":"default","site-content-layout":"","ast-site-content-layout":"default","site-content-style":"default","site-sidebar-style":"default","ast-global-header-display":"","ast-banner-title-visibility":"","ast-main-header-display":"","ast-hfb-above-header-display":"","ast-hfb-below-header-display":"","ast-hfb-mobile-header-display":"","site-post-title":"","ast-breadcrumbs-content":"","ast-featured-img":"","footer-sml-layout":"","ast-disable-related-posts":"","theme-transparent-header-meta":"","adv-header-id-meta":"","stick-header-meta":"","header-above-stick-meta":"","header-main-stick-meta":"","header-below-stick-meta":"","astra-migrate-meta-layouts":"default","ast-page-background-enabled":"default","ast-page-background-meta":{"desktop":{"background-color":"var(--ast-global-color-5)","background-image":"","background-repeat":"repeat","background-position":"center center","background-size":"auto","background-attachment":"scroll","background-type":"","background-media":"","overlay-type":"","overlay-color":"","overlay-opacity":"","overlay-gradient":""},"tablet":{"background-color":"","background-image":"","background-repeat":"repeat","background-position":"center center","background-size":"auto","background-attachment":"scroll","background-type":"","background-media":"","overlay-type":"","overlay-color":"","overlay-opacity":"","overlay-gradient":""},"mobile":{"background-color":"","background-image":"","background-repeat":"repeat","background-position":"center center","background-size":"auto","background-attachment":"scroll","background-type":"","background-media":"","overlay-type":"","overlay-color":"","overlay-opacity":"","overlay-gradient":""}},"ast-content-background-meta":{"desktop":{"background-color":"var(--ast-global-color-4)","background-image":"","background-repeat":"repeat","background-position":"center center","background-size":"auto","background-attachment":"scroll","background-type":"","background-media":"","overlay-type":"","overlay-color":"","overlay-opacity":"","overlay-gradient":""},"tablet":{"background-color":"var(--ast-global-color-4)","background-image":"","background-repeat":"repeat","background-position":"center center","background-size":"auto","background-attachment":"scroll","background-type":"","background-media":"","overlay-type":"","overlay-color":"","overlay-opacity":"","overlay-gradient":""},"mobile":{"background-color":"var(--ast-global-color-4)","background-image":"","background-repeat":"repeat","background-position":"center center","background-size":"auto","background-attachment":"scroll","background-type":"","background-media":"","overlay-type":"","overlay-color":"","overlay-opacity":"","overlay-gradient":""}},"_joinchat":[],"footnotes":""},"class_list":["post-89","page","type-page","status-publish","hentry"],"_links":{"self":[{"href":"https:\/\/lindemuth.com.br\/vlaj\/wp-json\/wp\/v2\/pages\/89","targetHints":{"allow":["GET"]}}],"collection":[{"href":"https:\/\/lindemuth.com.br\/vlaj\/wp-json\/wp\/v2\/pages"}],"about":[{"href":"https:\/\/lindemuth.com.br\/vlaj\/wp-json\/wp\/v2\/types\/page"}],"author":[{"embeddable":true,"href":"https:\/\/lindemuth.com.br\/vlaj\/wp-json\/wp\/v2\/users\/1"}],"replies":[{"embeddable":true,"href":"https:\/\/lindemuth.com.br\/vlaj\/wp-json\/wp\/v2\/comments?post=89"}],"version-history":[{"count":2,"href":"https:\/\/lindemuth.com.br\/vlaj\/wp-json\/wp\/v2\/pages\/89\/revisions"}],"predecessor-version":[{"id":160,"href":"https:\/\/lindemuth.com.br\/vlaj\/wp-json\/wp\/v2\/pages\/89\/revisions\/160"}],"wp:attachment":[{"href":"https:\/\/lindemuth.com.br\/vlaj\/wp-json\/wp\/v2\/media?parent=89"}],"curies":[{"name":"wp","href":"https:\/\/api.w.org\/{rel}","templated":true}]}}